{"id":66,"date":"2015-06-12T19:21:28","date_gmt":"2015-06-12T19:21:28","guid":{"rendered":"http:\/\/www.rostigeresel.at\/?page_id=66"},"modified":"2026-03-23T06:43:24","modified_gmt":"2026-03-23T06:43:24","slug":"aktuelles","status":"publish","type":"page","link":"https:\/\/www.rostigeresel.at\/","title":{"rendered":"Startseite"},"content":{"rendered":"<hr \/>\n<h4 class=\"article-head-title\" style=\"text-align: center;\"><strong>Auch bei uns gilt der erm\u00e4\u00dfigte Umsatzsteuersatz von 10 % auf Reparaturdienstleistungen <\/strong>(<a href=\"http:\/\/www.wko.at\/steuern\/ermaessigte-umsatzsteuer-saetze\" target=\"_blank\" rel=\"noopener\">Link<\/a>)<\/h4>\n<hr \/>\n<p>Wir reparieren gerne dein Fahrrad, egal ob E-Bikes, Rennr\u00e4der, Mountainbikes, Trekkingr\u00e4der, Reiser\u00e4der oder Waffenr\u00e4der, wir freuen uns \u00fcber deinen Besuch.<\/p>\n<h4><strong>So l\u00e4uft&#8217;s bei uns ab:<\/strong><\/h4>\n<p>Unsere Abarbeitungszeit betr\u00e4gt aktuell ca. eine Woche.<\/p>\n<ol>\n<li>F\u00fcr Reparaturen gibt es <b>keine Termine<\/b> (au\u00dfer bei Lastenr\u00e4dern, Dreir\u00e4dern und Tandems muss ein Termin vereinbart werden). Komm zur Reparaturannahme einfach w\u00e4hrend den \u00d6ffnungszeiten vorbei und plane ein bisschen Zeit daf\u00fcr ein.<\/li>\n<li>\u00a0Wir nehmen uns gerne Zeit f\u00fcr dich, um deine individuellen Anforderungen an dein Fahrrad zu besprechen, und erstellen <strong>einen unverbindlichen Kostenvoranschlag<\/strong>.<\/li>\n<li><strong>Danach<\/strong> <strong>nimmst du dein Fahrrad wieder mit<\/strong> <strong>nach Hause<\/strong> und dein Auftrag wird in unser System eingereiht.\u00a0<\/li>\n<li>Wir arbeiten die R\u00e4der in chronologischer Reihenfolge ab.<\/li>\n<li>Wenn <strong>das Rad an der Reihe<\/strong> ist, bekommst du <strong>ein SMS<\/strong> von uns. Sobald du dein Fahrrad zu uns in die Werkstatt gebracht hast, wird dein Auftrag im Normalfall innerhalb von <strong>1 &#8211; 2 Tagen fertiggestellt<\/strong>.<\/li>\n<li>Per SMS wirst du \u00fcber den Rechnungsbetrag informiert. Bitte nimm den Betrag bar mit, da wir keine Kartenzahlung haben.<\/li>\n<li>Bitte hole dein Fahrrad <strong>nach Fertigstellung so schnell wie m\u00f6glich wieder ab!<\/strong><\/li>\n<\/ol>\n<p><strong>Kleine Reparaturen<\/strong> wie zum Beispiel Schlauchwechsel erledigen wir jedoch <strong>meistens\u00a0 innerhalb eines Tages<\/strong>, dies liegt aber immer im Ermessen der MechanikerIn.<\/p>\n<hr \/>\n<h4 style=\"text-align: center;\"><strong>Betriebsurbaub 2026<\/strong><\/h4>\n<p style=\"text-align: center;\">Wir haben heuer <strong>von 25.05. bis inkl. 01.06.<\/strong> geschlossen<\/p>\n<p style=\"text-align: center;\">Am 02.06. sind wir wieder f\u00fcr euch da<\/p>\n<hr \/>\n<h4><strong>Leasing-Partnerschaften<\/strong><\/h4>\n<p>Unsere Lastenr\u00e4der k\u00f6nnt ihr auch \u00fcber folgende Leasingpartner beziehen:<\/p>\n<p><a href=\"https:\/\/firmenradl.at\/cms\">Firmenradl<\/a><\/p>\n<p><a href=\"https:\/\/www.bikeleasing.at\/\">Bikeleasing<\/a><\/p>\n<p><a href=\"https:\/\/leasemybike.at\/\">Leasmybike<\/a><\/p>\n<p><a href=\"https:\/\/at.jobrad.org\/\">Jobrad<\/a><\/p>\n<hr \/>\n<h4><strong>Fahrradversicherungen<\/strong><\/h4>\n<p><a href=\"https:\/\/www.linexo.at\/\">Linexo<\/a><\/p>\n<p><a href=\"https:\/\/www.alteos.com\/at\">Alteos<\/a>\u00a0 (<a href=\"https:\/\/zumrostigenesel.alteos.com\/ebike-at\">Hier<\/a> kannst du deine Alteos-Versichung selbst abschlie\u00dfen)<\/p>\n<hr \/>\n<h4 dir=\"auto\"><strong>Angebot f\u00fcr unsere KundInnen<\/strong><\/h4>\n<div dir=\"auto\">Sollte es sich f\u00fcr euch nicht ausgehen, uns euer Rad w\u00e4hrend unserer \u00d6ffnungszeiten zur Reparatur zu bringen, k\u00f6nnt ihr es gerne <strong>vor unserem Gesch\u00e4ft absperren<\/strong> und den <strong>Schl\u00fcssel in unseren Postkasten werfen bzw. per mail den Nummerncode durchgeben <\/strong>.<\/div>\n<div dir=\"auto\">\u00a0<\/div>\n<div dir=\"auto\">Bitte ruft uns dann w\u00e4hrend der \u00d6ffnungszeiten an und sagt uns was das Rad f\u00fcr ein Problem hat.<\/div>\n<div data-contents=\"true\">\n<div class=\"\" data-block=\"true\" data-editor=\"fnl6s\" data-offset-key=\"2c22g-0-0\">\n<div data-offset-key=\"99isj-0-0\">\u00a0<\/div>\n<\/div>\n<\/div>\n<hr \/>\n<h4 style=\"text-align: left;\"><strong>ABOUT<\/strong><\/h4>\n<p style=\"text-align: left;\">Die Fahrradwerkstatt \u201cZum rostigen Esel\u201d versteht sich als Kollektiv von Fahrradmechaniker_innen, die ihre Leidenschaft zum Beruf gemacht haben. Unser Ziel ist es, Fahrr\u00e4der mit Gewissenhaftigkeit instand zu halten, zu reparieren und zu verbessern. Ein schonender Umgang mit den Ressourcen ist uns dabei besonders wichtig.<\/p>\n<hr \/>\n<h4><strong>MOBILE WERKSTATT<\/strong><\/h4>\n<p style=\"text-align: left;\"><span style=\"color: #000000;\">Mit unserer <strong>MOBILEN RADWERKSTATT, <\/strong>einem Lastenrad ausgestattet mit spezifischem Werkzeug und Ersatzteilen, sind wir \u00fcberall einsatzbereit und kommen gerne zu deiner Veranstaltung. Vorort werden Fahrr\u00e4der von unseren kompetenten FahrradmechanikerInnen durchgecheckt und wieder fit gemacht. Gerne geben wir dabei unsere Kenntnisse an Interessierten weiter.<\/span><\/p>\n<p style=\"text-align: left;\">Dieses Service richtet sich an VeranstalterInnen und Firmen, die Ihren G\u00e4sten\/KundInnen\/MitarbeiterInnen einen kostenlosen Radcheck erm\u00f6glichen wollen.<\/p>\n<p style=\"text-align: left;\">Termin und Preisanfrage unter<\/p>\n<p style=\"text-align: left;\"><a href=\"mailto:mobilewerkstatt@rostigeresel.at\"><span style=\"color: #ff0000;\">mobilewerkstatt@rostigeresel.at<\/span><\/a> oder Tel. <span style=\"color: #ff0000;\">0732\/77 49 40<\/span><\/p>\n\n\n<p><\/p>\n","protected":false},"excerpt":{"rendered":"<p>Auch bei uns gilt der erm\u00e4\u00dfigte Umsatzsteuersatz von 10 % auf Reparaturdienstleistungen (Link) Wir reparieren gerne dein Fahrrad, egal ob E-Bikes, Rennr\u00e4der, Mountainbikes, Trekkingr\u00e4der, Reiser\u00e4der oder Waffenr\u00e4der, wir freuen uns \u00fcber deinen Besuch. So l\u00e4uft&#8217;s bei uns ab: Unsere Abarbeitungszeit&hellip;<\/p>\n<p class=\"more-link-p\"><a class=\"more-link\" href=\"https:\/\/www.rostigeresel.at\/\">Read more &rarr;<\/a><\/p>\n","protected":false},"author":1,"featured_media":0,"parent":0,"menu_order":0,"comment_status":"closed","ping_status":"closed","template":"","meta":{"footnotes":""},"class_list":["post-66","page","type-page","status-publish","hentry"],"_links":{"self":[{"href":"https:\/\/www.rostigeresel.at\/index.php?rest_route=\/wp\/v2\/pages\/66","targetHints":{"allow":["GET"]}}],"collection":[{"href":"https:\/\/www.rostigeresel.at\/index.php?rest_route=\/wp\/v2\/pages"}],"about":[{"href":"https:\/\/www.rostigeresel.at\/index.php?rest_route=\/wp\/v2\/types\/page"}],"author":[{"embeddable":true,"href":"https:\/\/www.rostigeresel.at\/index.php?rest_route=\/wp\/v2\/users\/1"}],"replies":[{"embeddable":true,"href":"https:\/\/www.rostigeresel.at\/index.php?rest_route=%2Fwp%2Fv2%2Fcomments&post=66"}],"version-history":[{"count":175,"href":"https:\/\/www.rostigeresel.at\/index.php?rest_route=\/wp\/v2\/pages\/66\/revisions"}],"predecessor-version":[{"id":1278,"href":"https:\/\/www.rostigeresel.at\/index.php?rest_route=\/wp\/v2\/pages\/66\/revisions\/1278"}],"wp:attachment":[{"href":"https:\/\/www.rostigeresel.at\/index.php?rest_route=%2Fwp%2Fv2%2Fmedia&parent=66"}],"curies":[{"name":"wp","href":"https:\/\/api.w.org\/{rel}","templated":true}]}}