{"id":175,"date":"2015-10-27T12:32:44","date_gmt":"2015-10-27T12:32:44","guid":{"rendered":"http:\/\/www.rostigeresel.at\/?page_id=175"},"modified":"2025-11-21T16:43:46","modified_gmt":"2025-11-21T16:43:46","slug":"workshops","status":"publish","type":"page","link":"https:\/\/www.rostigeresel.at\/?page_id=175","title":{"rendered":"Workshops Fahrradreparatur"},"content":{"rendered":"<p align=\"left\">Wir geben unser Wissen rund um das Fahrrad gerne weiter. Daf\u00fcr bieten wir Workshops zu Grundlagen und spezifischen Themen an. In kleinen Runden vermitteln wir dir Basiswissen, setzen uns mit den technischen Besonderheiten deines mitgebrachten Rades auseinander und besch\u00e4ftigen uns mit Wartung und Reparatur.<\/p>\n<hr \/>\n<p align=\"left\"><strong>Workshop f\u00fcr Kleingruppen:<\/strong><\/p>\n<p align=\"left\">Teilnehmer*innen-Zahl: 1 bis 3 Personen<\/p>\n<p align=\"left\">Preis: 270, &#8211; \u20ac \/ Workshop<\/p>\n<p align=\"left\">Workshop-Dauer: 3 Stunden<\/p>\n<p align=\"left\">Workshop-Termine: auf Anfrage per <a href=\"mailto:workshops@rostigeresel.at\">mail<\/a><\/p>\n<p align=\"left\">Teilnehmer*innen arbeiten am eigenen, mitgebrachten Fahrrad unter Anleitung eines\/einer Mechaniker*in.<\/p>\n<hr \/>\n<p align=\"left\"><strong>Workshop f\u00fcr Gruppen bis acht Personen:<\/strong><\/p>\n<p align=\"left\">Teilnehmer*innen-Zahl: 4 bis 8 Personen<\/p>\n<p align=\"left\">Preis: 540,- \u20ac \/ Workshop<\/p>\n<p align=\"left\">Workshop-Dauer: 3 Stunden<\/p>\n<p align=\"left\">Workshop-Termine: auf Anfrage per <a href=\"mailto:workshops@rostigeresel.at\">mail<\/a><\/p>\n<p align=\"left\">Das Wissen wird an Vorf\u00fchrr\u00e4dern vermittelt, danach k\u00f6nnen an den eigenen R\u00e4dern die erworbenen Fertigkeiten angewandt werden. Es sind zwei Mechaniker*innen f\u00fcr euch da.<\/p>\n<hr \/>\n<p align=\"left\"><strong>Workshop-Anfrage<\/strong>:<\/p>\n<p align=\"left\">Wir stimmen die Termine und den Workshop-Inhalt gerne mit euch individuell ab. Workshops finden au\u00dferhalb unserer \u00d6ffnungszeiten statt: Mo \u2013 Fr von 18.30 Uhr bis 21.30 Uhr oder an Samstagen tags\u00fcber.<\/p>\n<p align=\"left\">Anfrage per <a href=\"mailto:workshops@rostigeresel.at\">mail<\/a><\/p>\n","protected":false},"excerpt":{"rendered":"<p>Wir geben unser Wissen rund um das Fahrrad gerne weiter. Daf\u00fcr bieten wir Workshops zu Grundlagen und spezifischen Themen an. In kleinen Runden vermitteln wir dir Basiswissen, setzen uns mit den technischen Besonderheiten deines mitgebrachten Rades auseinander und besch\u00e4ftigen uns&hellip;<\/p>\n<p class=\"more-link-p\"><a class=\"more-link\" href=\"https:\/\/www.rostigeresel.at\/?page_id=175\">Read more &rarr;<\/a><\/p>\n","protected":false},"author":2,"featured_media":0,"parent":66,"menu_order":4,"comment_status":"closed","ping_status":"closed","template":"","meta":{"footnotes":""},"class_list":["post-175","page","type-page","status-publish","hentry"],"_links":{"self":[{"href":"https:\/\/www.rostigeresel.at\/index.php?rest_route=\/wp\/v2\/pages\/175","targetHints":{"allow":["GET"]}}],"collection":[{"href":"https:\/\/www.rostigeresel.at\/index.php?rest_route=\/wp\/v2\/pages"}],"about":[{"href":"https:\/\/www.rostigeresel.at\/index.php?rest_route=\/wp\/v2\/types\/page"}],"author":[{"embeddable":true,"href":"https:\/\/www.rostigeresel.at\/index.php?rest_route=\/wp\/v2\/users\/2"}],"replies":[{"embeddable":true,"href":"https:\/\/www.rostigeresel.at\/index.php?rest_route=%2Fwp%2Fv2%2Fcomments&post=175"}],"version-history":[{"count":13,"href":"https:\/\/www.rostigeresel.at\/index.php?rest_route=\/wp\/v2\/pages\/175\/revisions"}],"predecessor-version":[{"id":1246,"href":"https:\/\/www.rostigeresel.at\/index.php?rest_route=\/wp\/v2\/pages\/175\/revisions\/1246"}],"up":[{"embeddable":true,"href":"https:\/\/www.rostigeresel.at\/index.php?rest_route=\/wp\/v2\/pages\/66"}],"wp:attachment":[{"href":"https:\/\/www.rostigeresel.at\/index.php?rest_route=%2Fwp%2Fv2%2Fmedia&parent=175"}],"curies":[{"name":"wp","href":"https:\/\/api.w.org\/{rel}","templated":true}]}}